{"id":419,"date":"2023-03-27T17:19:25","date_gmt":"2023-03-27T20:19:25","guid":{"rendered":"https:\/\/mendesassessoriaeeventos.com.br\/?page_id=419"},"modified":"2024-02-22T15:23:27","modified_gmt":"2024-02-22T18:23:27","slug":"sobre","status":"publish","type":"page","link":"https:\/\/mendesassessoriaeeventos.com.br\/index.php\/sobre\/","title":{"rendered":"Sobre"},"content":{"rendered":"\t\t<div data-elementor-type=\"wp-page\" data-elementor-id=\"419\" class=\"elementor elementor-419\">\n\t\t\t\t\t\t\t\t\t<section class=\"elementor-section elementor-top-section elementor-element elementor-element-70e7d2b8 elementor-section-full_width elementor-section-height-min-height elementor-section-height-default elementor-section-items-middle\" data-id=\"70e7d2b8\" data-element_type=\"section\" data-settings=\"{&quot;background_background&quot;:&quot;classic&quot;}\">\n\t\t\t\t\t\t\t<div class=\"elementor-background-overlay\"><\/div>\n\t\t\t\t\t\t\t<div class=\"elementor-container elementor-column-gap-default\">\n\t\t\t\t\t<div class=\"elementor-column elementor-col-100 elementor-top-column elementor-element elementor-element-11f53443\" data-id=\"11f53443\" data-element_type=\"column\">\n\t\t\t<div class=\"elementor-widget-wrap elementor-element-populated\">\n\t\t\t\t\t\t\t\t<div class=\"elementor-element elementor-element-41eadc71 elementor-widget elementor-widget-text-editor\" data-id=\"41eadc71\" data-element_type=\"widget\" data-widget_type=\"text-editor.default\">\n\t\t\t\t<div class=\"elementor-widget-container\">\n\t\t\t<style>\/*! elementor - v3.11.5 - 14-03-2023 *\/\n.elementor-widget-text-editor.elementor-drop-cap-view-stacked .elementor-drop-cap{background-color:#818a91;color:#fff}.elementor-widget-text-editor.elementor-drop-cap-view-framed .elementor-drop-cap{color:#818a91;border:3px solid;background-color:transparent}.elementor-widget-text-editor:not(.elementor-drop-cap-view-default) .elementor-drop-cap{margin-top:8px}.elementor-widget-text-editor:not(.elementor-drop-cap-view-default) .elementor-drop-cap-letter{width:1em;height:1em}.elementor-widget-text-editor .elementor-drop-cap{float:left;text-align:center;line-height:1;font-size:50px}.elementor-widget-text-editor .elementor-drop-cap-letter{display:inline-block}<\/style>\t\t\t\t<p>Sobre<\/p>\t\t\t\t\t\t<\/div>\n\t\t\t\t<\/div>\n\t\t\t\t\t<\/div>\n\t\t<\/div>\n\t\t\t\t\t\t\t<\/div>\n\t\t<\/section>\n\t\t\t\t<section class=\"elementor-section elementor-top-section elementor-element elementor-element-cf85eef elementor-section-full_width elementor-section-height-default elementor-section-height-default\" data-id=\"cf85eef\" data-element_type=\"section\">\n\t\t\t\t\t\t<div class=\"elementor-container elementor-column-gap-default\">\n\t\t\t\t\t<div class=\"elementor-column elementor-col-100 elementor-top-column elementor-element elementor-element-268fc1f\" data-id=\"268fc1f\" data-element_type=\"column\">\n\t\t\t<div class=\"elementor-widget-wrap elementor-element-populated\">\n\t\t\t\t\t\t\t\t<div class=\"elementor-element elementor-element-2cac72c elementor-widget elementor-widget-text-editor\" data-id=\"2cac72c\" data-element_type=\"widget\" data-widget_type=\"text-editor.default\">\n\t\t\t\t<div class=\"elementor-widget-container\">\n\t\t\t\t\t\t\t<p>SOBRE A FUNDADORA:<\/p><p>Muito prazer! Antes de me apresentar, quero dizer que me sinto muito honrada por ter voc\u00ea aqui. Ser\u00e1 uma enorme satisfa\u00e7\u00e3o fazer parte de algum momento da sua vida ou da sua corpora\u00e7\u00e3o.<\/p><p>Me chamo Tatiana Mendes, sou formada em Turismo e acumulo mais de 16 anos de experi\u00eancia em eventos!<\/p><p>Sou uma profissional apaixonada pelo universo dos eventos e me dedico para transformar cada celebra\u00e7\u00e3o em uma experi\u00eancia \u00fanica e memor\u00e1vel. Al\u00e9m de possuir a expertise necess\u00e1ria para tomada de solu\u00e7\u00f5es r\u00e1pidas e eficientes.<\/p><p>Acredito que cada evento \u00e9 uma oportunidade para criarmos momentos especiais e proporcionarmos uma experi\u00eancia \u00fanica para cada um dos convidados. Trabalho de perto com meus clientes para entender suas necessidades, expectativas e or\u00e7amento, e desenvolver um plano personalizado para transformar suas ideias em realidade.<\/p><p>Al\u00e9m disso, tenho uma ampla rede de fornecedores confi\u00e1veis que me ajudam a criar celebra\u00e7\u00f5es verdadeiramente memor\u00e1veis. Minha abordagem personalizada e aten\u00e7\u00e3o aos detalhes garantem que cada evento realizado seja \u00fanico e exclusivo, exatamente como meus clientes merecem.<\/p><p>Minha paix\u00e3o por eventos \u00e9 evidente em cada projeto que assumo, e minha miss\u00e3o \u00e9 garantir que meus clientes e seus convidados tenham uma experi\u00eancia excepcional em cada celebra\u00e7\u00e3o.<\/p><p>Se voc\u00ea est\u00e1 procurando uma cerimonialista de eventos dedicada, experiente e criativa, n\u00e3o hesite em entrar em contato comigo. Vamos trabalhar juntos para tornar o seu pr\u00f3ximo evento numa experi\u00eancia inesquec\u00edvel!<\/p><p>EMPRESA:<\/p><p>Entendemos que cada evento \u00e9 \u00fanico e pessoal e, por isso, nos comprometemos a criar um ambiente que reflita os seus desejos e a sua personalidade.<\/p><p>Com profissionalismo e din\u00e2mica, estamos sempre atentos \u00e0s tend\u00eancias e inova\u00e7\u00f5es do setor. N\u00f3s utilizamos as tecnologias mais avan\u00e7adas, equipamentos de qualidade e parceiros de confian\u00e7a para garantir que seu evento seja um sucesso. Nosso objetivo \u00e9 proporcionar a voc\u00ea e seus convidados uma experi\u00eancia excepcional, deixando lembran\u00e7as inesquec\u00edveis.<\/p><p>A nossa equipe de profissionais altamente treinados estar\u00e1 durante todo o seu evento conferindo cada detalhe para garantir que tudo seja executado conforme planejado. N\u00f3s cuidamos de todos os detalhes, para que voc\u00ea possa se concentrar em somente aproveitar o seu evento.<\/p><p>Se voc\u00ea est\u00e1 procurando por uma empresa de assessoria de eventos que possa tornar seu evento social ou corporativo num evento inesquec\u00edvel, ent\u00e3o voc\u00ea est\u00e1 no lugar certo! N\u00f3s somos uma equipe de profissionais experientes, que se dedicam em criar momentos memor\u00e1veis para os nossos clientes.<\/p><p>N\u00e3o importa o tipo ou tamanho do seu evento, estamos aqui para ajud\u00e1-lo a transformar o seu sonho em realidade.<\/p><p>Entre em contato conosco para saber mais sobre nossos servi\u00e7os e como podemos tornar seu evento num sucesso!<\/p>\t\t\t\t\t\t<\/div>\n\t\t\t\t<\/div>\n\t\t\t\t\t<\/div>\n\t\t<\/div>\n\t\t\t\t\t\t\t<\/div>\n\t\t<\/section>\n\t\t\t\t<section class=\"elementor-section elementor-top-section elementor-element elementor-element-8df3fb0 elementor-section-full_width elementor-section-height-default elementor-section-height-default\" data-id=\"8df3fb0\" data-element_type=\"section\">\n\t\t\t\t\t\t<div class=\"elementor-container elementor-column-gap-default\">\n\t\t\t\t\t<div class=\"elementor-column elementor-col-100 elementor-top-column elementor-element elementor-element-986b3be\" data-id=\"986b3be\" data-element_type=\"column\">\n\t\t\t<div class=\"elementor-widget-wrap elementor-element-populated\">\n\t\t\t\t\t\t\t\t<div class=\"elementor-element elementor-element-52d34f9 elementor-align-center elementor-widget elementor-widget-button\" data-id=\"52d34f9\" data-element_type=\"widget\" data-widget_type=\"button.default\">\n\t\t\t\t<div class=\"elementor-widget-container\">\n\t\t\t\t\t<div class=\"elementor-button-wrapper\">\n\t\t\t<a href=\"https:\/\/mendesassessoriaeeventos.com.br\/index.php\/orcamento\/\" class=\"elementor-button-link elementor-button elementor-size-md\" role=\"button\">\n\t\t\t\t\t\t<span class=\"elementor-button-content-wrapper\">\n\t\t\t\t\t\t<span class=\"elementor-button-text\">Solicite seu or\u00e7amento<\/span>\n\t\t<\/span>\n\t\t\t\t\t<\/a>\n\t\t<\/div>\n\t\t\t\t<\/div>\n\t\t\t\t<\/div>\n\t\t\t\t\t<\/div>\n\t\t<\/div>\n\t\t\t\t\t\t\t<\/div>\n\t\t<\/section>\n\t\t\t\t\t\t\t<\/div>\n\t\t","protected":false},"excerpt":{"rendered":"<p>Sobre SOBRE A FUNDADORA: Muito prazer! Antes de me apresentar, quero dizer que me sinto muito honrada por ter voc\u00ea aqui. Ser\u00e1 uma enorme satisfa\u00e7\u00e3o fazer parte de algum momento da sua vida ou da sua corpora\u00e7\u00e3o. Me chamo Tatiana Mendes, sou formada em Turismo e acumulo mais de 16 anos de experi\u00eancia em eventos! &hellip;<\/p>\n<p class=\"read-more\"> <a class=\"\" href=\"https:\/\/mendesassessoriaeeventos.com.br\/index.php\/sobre\/\"> <span class=\"screen-reader-text\">Sobre<\/span> Leia mais &raquo;<\/a><\/p>\n","protected":false},"author":1,"featured_media":0,"parent":0,"menu_order":0,"comment_status":"closed","ping_status":"closed","template":"","meta":{"site-sidebar-layout":"no-sidebar","site-content-layout":"page-builder","ast-global-header-display":"","ast-main-header-display":"","ast-hfb-above-header-display":"","ast-hfb-below-header-display":"","ast-hfb-mobile-header-display":"","site-post-title":"disabled","ast-breadcrumbs-content":"","ast-featured-img":"disabled","footer-sml-layout":"","theme-transparent-header-meta":"","adv-header-id-meta":"","stick-header-meta":"","header-above-stick-meta":"","header-main-stick-meta":"","header-below-stick-meta":"","_themeisle_gutenberg_block_has_review":false},"yoast_head":"<!-- This site is optimized with the Yoast SEO plugin v20.4 - https:\/\/yoast.com\/wordpress\/plugins\/seo\/ -->\n<title>Sobre - mendesassessoriaeeventos.com.br<\/title>\n<meta name=\"robots\" content=\"index, follow, max-snippet:-1, max-image-preview:large, max-video-preview:-1\" \/>\n<link rel=\"canonical\" href=\"https:\/\/mendesassessoriaeeventos.com.br\/index.php\/sobre\/\" \/>\n<meta property=\"og:locale\" content=\"pt_BR\" \/>\n<meta property=\"og:type\" content=\"article\" \/>\n<meta property=\"og:title\" content=\"Sobre - mendesassessoriaeeventos.com.br\" \/>\n<meta property=\"og:description\" content=\"Sobre SOBRE A FUNDADORA: Muito prazer! Antes de me apresentar, quero dizer que me sinto muito honrada por ter voc\u00ea aqui. Ser\u00e1 uma enorme satisfa\u00e7\u00e3o fazer parte de algum momento da sua vida ou da sua corpora\u00e7\u00e3o. Me chamo Tatiana Mendes, sou formada em Turismo e acumulo mais de 16 anos de experi\u00eancia em eventos! &hellip; Sobre Leia mais &raquo;\" \/>\n<meta property=\"og:url\" content=\"https:\/\/mendesassessoriaeeventos.com.br\/index.php\/sobre\/\" \/>\n<meta property=\"og:site_name\" content=\"mendesassessoriaeeventos.com.br\" \/>\n<meta property=\"article:modified_time\" content=\"2024-02-22T18:23:27+00:00\" \/>\n<meta name=\"twitter:card\" content=\"summary_large_image\" \/>\n<meta name=\"twitter:label1\" content=\"Est. tempo de leitura\" \/>\n\t<meta name=\"twitter:data1\" content=\"3 minutos\" \/>\n<script type=\"application\/ld+json\" class=\"yoast-schema-graph\">{\"@context\":\"https:\/\/schema.org\",\"@graph\":[{\"@type\":\"WebPage\",\"@id\":\"https:\/\/mendesassessoriaeeventos.com.br\/index.php\/sobre\/\",\"url\":\"https:\/\/mendesassessoriaeeventos.com.br\/index.php\/sobre\/\",\"name\":\"Sobre - mendesassessoriaeeventos.com.br\",\"isPartOf\":{\"@id\":\"https:\/\/mendesassessoriaeeventos.com.br\/#website\"},\"datePublished\":\"2023-03-27T20:19:25+00:00\",\"dateModified\":\"2024-02-22T18:23:27+00:00\",\"breadcrumb\":{\"@id\":\"https:\/\/mendesassessoriaeeventos.com.br\/index.php\/sobre\/#breadcrumb\"},\"inLanguage\":\"pt-BR\",\"potentialAction\":[{\"@type\":\"ReadAction\",\"target\":[\"https:\/\/mendesassessoriaeeventos.com.br\/index.php\/sobre\/\"]}]},{\"@type\":\"BreadcrumbList\",\"@id\":\"https:\/\/mendesassessoriaeeventos.com.br\/index.php\/sobre\/#breadcrumb\",\"itemListElement\":[{\"@type\":\"ListItem\",\"position\":1,\"name\":\"In\u00edcio\",\"item\":\"https:\/\/mendesassessoriaeeventos.com.br\/\"},{\"@type\":\"ListItem\",\"position\":2,\"name\":\"Sobre\"}]},{\"@type\":\"WebSite\",\"@id\":\"https:\/\/mendesassessoriaeeventos.com.br\/#website\",\"url\":\"https:\/\/mendesassessoriaeeventos.com.br\/\",\"name\":\"mendesassessoriaeeventos.com.br\",\"description\":\"Voc\u00ea sonha e n\u00f3s realizamos\",\"potentialAction\":[{\"@type\":\"SearchAction\",\"target\":{\"@type\":\"EntryPoint\",\"urlTemplate\":\"https:\/\/mendesassessoriaeeventos.com.br\/?s={search_term_string}\"},\"query-input\":\"required name=search_term_string\"}],\"inLanguage\":\"pt-BR\"}]}<\/script>\n<!-- \/ Yoast SEO plugin. -->","yoast_head_json":{"title":"Sobre - mendesassessoriaeeventos.com.br","robots":{"index":"index","follow":"follow","max-snippet":"max-snippet:-1","max-image-preview":"max-image-preview:large","max-video-preview":"max-video-preview:-1"},"canonical":"https:\/\/mendesassessoriaeeventos.com.br\/index.php\/sobre\/","og_locale":"pt_BR","og_type":"article","og_title":"Sobre - mendesassessoriaeeventos.com.br","og_description":"Sobre SOBRE A FUNDADORA: Muito prazer! Antes de me apresentar, quero dizer que me sinto muito honrada por ter voc\u00ea aqui. Ser\u00e1 uma enorme satisfa\u00e7\u00e3o fazer parte de algum momento da sua vida ou da sua corpora\u00e7\u00e3o. Me chamo Tatiana Mendes, sou formada em Turismo e acumulo mais de 16 anos de experi\u00eancia em eventos! &hellip; Sobre Leia mais &raquo;","og_url":"https:\/\/mendesassessoriaeeventos.com.br\/index.php\/sobre\/","og_site_name":"mendesassessoriaeeventos.com.br","article_modified_time":"2024-02-22T18:23:27+00:00","twitter_card":"summary_large_image","twitter_misc":{"Est. tempo de leitura":"3 minutos"},"schema":{"@context":"https:\/\/schema.org","@graph":[{"@type":"WebPage","@id":"https:\/\/mendesassessoriaeeventos.com.br\/index.php\/sobre\/","url":"https:\/\/mendesassessoriaeeventos.com.br\/index.php\/sobre\/","name":"Sobre - mendesassessoriaeeventos.com.br","isPartOf":{"@id":"https:\/\/mendesassessoriaeeventos.com.br\/#website"},"datePublished":"2023-03-27T20:19:25+00:00","dateModified":"2024-02-22T18:23:27+00:00","breadcrumb":{"@id":"https:\/\/mendesassessoriaeeventos.com.br\/index.php\/sobre\/#breadcrumb"},"inLanguage":"pt-BR","potentialAction":[{"@type":"ReadAction","target":["https:\/\/mendesassessoriaeeventos.com.br\/index.php\/sobre\/"]}]},{"@type":"BreadcrumbList","@id":"https:\/\/mendesassessoriaeeventos.com.br\/index.php\/sobre\/#breadcrumb","itemListElement":[{"@type":"ListItem","position":1,"name":"In\u00edcio","item":"https:\/\/mendesassessoriaeeventos.com.br\/"},{"@type":"ListItem","position":2,"name":"Sobre"}]},{"@type":"WebSite","@id":"https:\/\/mendesassessoriaeeventos.com.br\/#website","url":"https:\/\/mendesassessoriaeeventos.com.br\/","name":"mendesassessoriaeeventos.com.br","description":"Voc\u00ea sonha e n\u00f3s realizamos","potentialAction":[{"@type":"SearchAction","target":{"@type":"EntryPoint","urlTemplate":"https:\/\/mendesassessoriaeeventos.com.br\/?s={search_term_string}"},"query-input":"required name=search_term_string"}],"inLanguage":"pt-BR"}]}},"_links":{"self":[{"href":"https:\/\/mendesassessoriaeeventos.com.br\/index.php\/wp-json\/wp\/v2\/pages\/419"}],"collection":[{"href":"https:\/\/mendesassessoriaeeventos.com.br\/index.php\/wp-json\/wp\/v2\/pages"}],"about":[{"href":"https:\/\/mendesassessoriaeeventos.com.br\/index.php\/wp-json\/wp\/v2\/types\/page"}],"author":[{"embeddable":true,"href":"https:\/\/mendesassessoriaeeventos.com.br\/index.php\/wp-json\/wp\/v2\/users\/1"}],"replies":[{"embeddable":true,"href":"https:\/\/mendesassessoriaeeventos.com.br\/index.php\/wp-json\/wp\/v2\/comments?post=419"}],"version-history":[{"count":82,"href":"https:\/\/mendesassessoriaeeventos.com.br\/index.php\/wp-json\/wp\/v2\/pages\/419\/revisions"}],"predecessor-version":[{"id":1522,"href":"https:\/\/mendesassessoriaeeventos.com.br\/index.php\/wp-json\/wp\/v2\/pages\/419\/revisions\/1522"}],"wp:attachment":[{"href":"https:\/\/mendesassessoriaeeventos.com.br\/index.php\/wp-json\/wp\/v2\/media?parent=419"}],"curies":[{"name":"wp","href":"https:\/\/api.w.org\/{rel}","templated":true}]}}