{"id":421,"date":"2023-03-27T17:19:52","date_gmt":"2023-03-27T20:19:52","guid":{"rendered":"https:\/\/mendesassessoriaeeventos.com.br\/?page_id=421"},"modified":"2023-04-10T21:00:36","modified_gmt":"2023-04-11T00:00:36","slug":"servicos","status":"publish","type":"page","link":"https:\/\/mendesassessoriaeeventos.com.br\/index.php\/servicos\/","title":{"rendered":"Servi\u00e7os"},"content":{"rendered":"\t\t<div data-elementor-type=\"wp-page\" data-elementor-id=\"421\" class=\"elementor elementor-421\">\n\t\t\t\t\t\t\t\t\t<section class=\"elementor-section elementor-top-section elementor-element elementor-element-9d4639e elementor-section-full_width elementor-section-height-min-height elementor-section-height-default elementor-section-items-middle\" data-id=\"9d4639e\" data-element_type=\"section\" data-settings=\"{&quot;background_background&quot;:&quot;slideshow&quot;,&quot;background_slideshow_gallery&quot;:[{&quot;id&quot;:1268,&quot;url&quot;:&quot;http:\\\/\\\/mendesassessoriaeeventos.com.br\\\/wp-content\\\/uploads\\\/2023\\\/04\\\/image00034.jpeg&quot;}],&quot;background_slideshow_loop&quot;:&quot;yes&quot;,&quot;background_slideshow_slide_duration&quot;:5000,&quot;background_slideshow_slide_transition&quot;:&quot;fade&quot;,&quot;background_slideshow_transition_duration&quot;:500}\">\n\t\t\t\t\t\t\t<div class=\"elementor-background-overlay\"><\/div>\n\t\t\t\t\t\t\t<div class=\"elementor-container elementor-column-gap-default\">\n\t\t\t\t\t<div class=\"elementor-column elementor-col-100 elementor-top-column elementor-element elementor-element-27cb812\" data-id=\"27cb812\" data-element_type=\"column\">\n\t\t\t<div class=\"elementor-widget-wrap elementor-element-populated\">\n\t\t\t\t\t\t\t\t<div class=\"elementor-element elementor-element-e588465 elementor-widget elementor-widget-text-editor\" data-id=\"e588465\" data-element_type=\"widget\" data-widget_type=\"text-editor.default\">\n\t\t\t\t<div class=\"elementor-widget-container\">\n\t\t\t<style>\/*! elementor - v3.11.5 - 14-03-2023 *\/\n.elementor-widget-text-editor.elementor-drop-cap-view-stacked .elementor-drop-cap{background-color:#818a91;color:#fff}.elementor-widget-text-editor.elementor-drop-cap-view-framed .elementor-drop-cap{color:#818a91;border:3px solid;background-color:transparent}.elementor-widget-text-editor:not(.elementor-drop-cap-view-default) .elementor-drop-cap{margin-top:8px}.elementor-widget-text-editor:not(.elementor-drop-cap-view-default) .elementor-drop-cap-letter{width:1em;height:1em}.elementor-widget-text-editor .elementor-drop-cap{float:left;text-align:center;line-height:1;font-size:50px}.elementor-widget-text-editor .elementor-drop-cap-letter{display:inline-block}<\/style>\t\t\t\t<p>Servi\u00e7os<\/p>\t\t\t\t\t\t<\/div>\n\t\t\t\t<\/div>\n\t\t\t\t\t<\/div>\n\t\t<\/div>\n\t\t\t\t\t\t\t<\/div>\n\t\t<\/section>\n\t\t\t\t<section class=\"elementor-section elementor-top-section elementor-element elementor-element-a04dd10 elementor-section-boxed elementor-section-height-default elementor-section-height-default\" data-id=\"a04dd10\" data-element_type=\"section\">\n\t\t\t\t\t\t<div class=\"elementor-container elementor-column-gap-default\">\n\t\t\t\t\t<div class=\"elementor-column elementor-col-100 elementor-top-column elementor-element elementor-element-c9be4a7\" data-id=\"c9be4a7\" data-element_type=\"column\">\n\t\t\t<div class=\"elementor-widget-wrap elementor-element-populated\">\n\t\t\t\t\t\t\t\t<div class=\"elementor-element elementor-element-fdefd9a elementor-widget elementor-widget-text-editor\" data-id=\"fdefd9a\" data-element_type=\"widget\" data-widget_type=\"text-editor.default\">\n\t\t\t\t<div class=\"elementor-widget-container\">\n\t\t\t\t\t\t\t<p>\u00a0<\/p><p>Se voc\u00ea est\u00e1 planejando um evento social ou corporativo, voc\u00ea deve contratar a Mendes Assessoria para organizar e coordenar todos os detalhes. Oferecemos uma variedade de servi\u00e7os para ajud\u00e1-lo a tornar seu evento um sucesso.<\/p><p>Veja os tipos de assessoria que trabalhamos:<\/p><p>Assessoria completa: Este modelo engloba todos os pontos do evento, do come\u00e7o da organiza\u00e7\u00e3o ao p\u00f3s-festa.<\/p><p>O trabalho da Assessoria ser\u00e1 tra\u00e7ar o perfil do evento e indicar os melhores fornecedores de acordo com o or\u00e7amento e o estilo desejado. Ela ainda vai acompanhar os clientes em degusta\u00e7\u00f5es e visitas t\u00e9cnicas e manter o or\u00e7amento previsto sob controle.<\/p><p>A assessora tamb\u00e9m cuida da verifica\u00e7\u00e3o dos contratos para que todas as cl\u00e1usulas importantes estejam inclusas, administra o cronograma para que todos os servi\u00e7os sejam entregues dentro do prazo, cuida da confirma\u00e7\u00e3o dos convidados e faz a ponte entre os fornecedores.<\/p><p>As atividades no grande dia tamb\u00e9m est\u00e3o previstas no atendimento completo, mas v\u00e3o al\u00e9m.<\/p><p>No evento, \u00e9 a assessora que acompanha a montagem e desmontagem da festa, garante que os prazos sejam cumpridos, cuida para que todos os detalhes saiam perfeitos e possui solu\u00e7\u00f5es r\u00e1pidas para imprevistos.<\/p><p>Servi\u00e7os inclusos na Assessoria completa:<\/p><p>\u2022 Planejamento completo do evento;<br \/>\u2022 Direcionamento e acompanhamento na escolha dos fornecedores;<br \/>\u2022 Constru\u00e7\u00e3o conjunta da identidade visual da cerim\u00f4nia e\/ou festa;<br \/>\u2022 Or\u00e7amenta\u00e7\u00e3o de todos os servi\u00e7os e produtos que ser\u00e3o contratados;<br \/>\u2022 An\u00e1lise dos contratos que ser\u00e3o firmados com os fornecedores;<br \/>\u2022 Prepara\u00e7\u00e3o e coordena\u00e7\u00e3o do cronograma do evento;<br \/>\u2022 Consultoria de marcas e quantidades para consumo de bebidas n\u00e3o alco\u00f3licas e alco\u00f3licas, doces, bem casados e demais itens necess\u00e1rios;<br \/>\u2022 Servi\u00e7o de RSVP \u2013 confirma\u00e7\u00e3o de presen\u00e7a dos convidados;<br \/>\u2022 Acompanhamento da montagem t\u00e9cnica e layout de cerim\u00f4nia e\/ou festa;<br \/>\u2022 Recep\u00e7\u00e3o personalizada dos convidados;<br \/>\u2022 Organiza\u00e7\u00e3o e controle de todos os protocolos;<br \/>\u2022 Coordena\u00e7\u00e3o de todos os fornecedores durante o evento;<br \/>\u2022 Controle e contagem dos itens entregues pelos fornecedores na hora da entrega e na devolu\u00e7\u00e3o dos itens n\u00e3o consumidos\/utilizados;<br \/>\u2022 Acompanhamento da desmontagem do evento.<\/p><p>Assessoria parcial: Neste modelo o cliente j\u00e1 entra em contato com a assessora com algumas decis\u00f5es tomadas e alguns fornecedores j\u00e1 contratados, na maioria dos casos, o cliente encontra dificuldades para contratar alguns servi\u00e7os\/ fornecedores e necessita de auxilio durante o per\u00edodo que antecede o evento.<\/p><p>A atua\u00e7\u00e3o da profissional, nesse caso, d\u00e1-se principalmente na indica\u00e7\u00e3o dos fornecedores que ainda n\u00e3o foram contratados, esse tipo de Assessoria \u00e9 indicado para clientes mais independentes, que precisam de um auxilio mais simples e n\u00e3o querem que a assessora os acompanhe em todos os fornecedores como faz na Assessoria completa. Na organiza\u00e7\u00e3o da cerim\u00f4nia e\/ou festa, acompanhamento da montagem da festa, recebimento dos produtos e servi\u00e7os contratados tamb\u00e9m fazem parte desse tipo de Assessoria.<\/p><p>Servi\u00e7os inclusos na Assessoria parcial:<\/p><p>\u2022 Direcionamento na escolha dos fornecedores;<br \/>\u2022 Constru\u00e7\u00e3o conjunta da identidade visual da cerim\u00f4nia e\/ou festa;<br \/>\u2022 Prepara\u00e7\u00e3o e coordena\u00e7\u00e3o do cronograma do evento;<br \/>\u2022 Consultoria de marcas e quantidades para consumo de bebidas n\u00e3o alco\u00f3licas e alco\u00f3licas, doces, bem casados e demais itens necess\u00e1rios;<br \/>\u2022 Servi\u00e7o de RSVP \u2013 confirma\u00e7\u00e3o de presen\u00e7a dos convidados;<br \/>\u2022 Acompanhamento da montagem t\u00e9cnica e layout de cerim\u00f4nia e festa;<br \/>\u2022 Recep\u00e7\u00e3o personalizada dos convidados;<br \/>\u2022 Organiza\u00e7\u00e3o e controle de todos os protocolos;<br \/>\u2022 Coordena\u00e7\u00e3o de todos os fornecedores durante o evento;<br \/>\u2022 Controle e contagem dos itens entregues pelos fornecedores na hora da entrega e na devolu\u00e7\u00e3o dos itens n\u00e3o consumidos\/utilizados;<br \/>\u2022 Acompanhamento da desmontagem do evento.<\/p><p>Assessoria do dia: Neste modelo o cliente entra em contato com a assessora com todas as decis\u00f5es tomadas e os fornecedores j\u00e1 contratados.<\/p><p>A atua\u00e7\u00e3o da profissional nesse caso, d\u00e1-se principalmente na organiza\u00e7\u00e3o da cerim\u00f4nia e\/ou festa, acompanhamento da montagem da festa, recebimento dos produtos e servi\u00e7os contratados e verifica\u00e7\u00e3o dos detalhes do evento.<\/p><p>O atendimento come\u00e7a em torno de 45 dias antes do evento para que a equipe possa se inteirar de todos os detalhes.<\/p><p>A primeira etapa, no entanto, \u00e9 conhecer o cronograma pensado pelo cliente. Isso inclui acompanhamento dos contratos firmados com os fornecedores e particularidades do cerimonial e\/ou festa.<\/p><p>Servi\u00e7os inclusos na Assessoria do dia:<\/p><p>\u2022 Verifica\u00e7\u00e3o de todos os contratos firmados com os fornecedores;<br \/>\u2022 Prepara\u00e7\u00e3o e coordena\u00e7\u00e3o do cronograma do evento;<br \/>\u2022 Consultoria de marcas e quantidades para consumo de bebidas n\u00e3o alco\u00f3licas e alco\u00f3licas, doces, bem casados e demais itens necess\u00e1rios;<br \/>\u2022 Servi\u00e7o de RSVP \u2013 confirma\u00e7\u00e3o de presen\u00e7a dos convidados;<br \/>\u2022 Acompanhamento da montagem t\u00e9cnica e layout de cerim\u00f4nia e festa;<br \/>\u2022 Recep\u00e7\u00e3o personalizada dos convidados;<br \/>\u2022 Organiza\u00e7\u00e3o e controle de todos os protocolos;<br \/>\u2022 Coordena\u00e7\u00e3o de todos os fornecedores durante o evento;<br \/>\u2022 Controle e contagem dos itens entregues pelos fornecedores na hora da entrega e na devolu\u00e7\u00e3o dos itens n\u00e3o consumidos\/utilizados;<br \/>\u2022 Acompanhamento da desmontagem do evento.<\/p><p>Ao contratar a Mendes Assessoria e Eventos, voc\u00ea poder\u00e1 se concentrar em desfrutar do seu evento em vez de se preocupar com a coordena\u00e7\u00e3o dos detalhes. Isso tornar\u00e1 o processo muito menos estressante e garantir\u00e1 que seu evento seja um sucesso.<\/p><p>N\u00e3o hesite em entrar em contato conosco para que possamos ajud\u00e1-lo a tornar seu evento inesquec\u00edvel!<\/p>\t\t\t\t\t\t<\/div>\n\t\t\t\t<\/div>\n\t\t\t\t\t<\/div>\n\t\t<\/div>\n\t\t\t\t\t\t\t<\/div>\n\t\t<\/section>\n\t\t\t\t<section class=\"elementor-section elementor-top-section elementor-element elementor-element-79b2d0b elementor-section-boxed elementor-section-height-default elementor-section-height-default\" data-id=\"79b2d0b\" data-element_type=\"section\">\n\t\t\t\t\t\t<div class=\"elementor-container elementor-column-gap-default\">\n\t\t\t\t\t<div class=\"elementor-column elementor-col-100 elementor-top-column elementor-element elementor-element-5669b7a\" data-id=\"5669b7a\" data-element_type=\"column\">\n\t\t\t<div class=\"elementor-widget-wrap elementor-element-populated\">\n\t\t\t\t\t\t\t\t<div class=\"elementor-element elementor-element-4555d93 elementor-align-center elementor-widget elementor-widget-button\" data-id=\"4555d93\" data-element_type=\"widget\" data-widget_type=\"button.default\">\n\t\t\t\t<div class=\"elementor-widget-container\">\n\t\t\t\t\t<div class=\"elementor-button-wrapper\">\n\t\t\t<a href=\"https:\/\/mendesassessoriaeeventos.com.br\/index.php\/orcamento\/\" class=\"elementor-button-link elementor-button elementor-size-md\" role=\"button\">\n\t\t\t\t\t\t<span class=\"elementor-button-content-wrapper\">\n\t\t\t\t\t\t<span class=\"elementor-button-text\">Solicite seu or\u00e7amento<\/span>\n\t\t<\/span>\n\t\t\t\t\t<\/a>\n\t\t<\/div>\n\t\t\t\t<\/div>\n\t\t\t\t<\/div>\n\t\t\t\t\t<\/div>\n\t\t<\/div>\n\t\t\t\t\t\t\t<\/div>\n\t\t<\/section>\n\t\t\t\t\t\t\t<\/div>\n\t\t","protected":false},"excerpt":{"rendered":"<p>Servi\u00e7os \u00a0 Se voc\u00ea est\u00e1 planejando um evento social ou corporativo, voc\u00ea deve contratar a Mendes Assessoria para organizar e coordenar todos os detalhes. Oferecemos uma variedade de servi\u00e7os para ajud\u00e1-lo a tornar seu evento um sucesso. Veja os tipos de assessoria que trabalhamos: Assessoria completa: Este modelo engloba todos os pontos do evento, do &hellip;<\/p>\n<p class=\"read-more\"> <a class=\"\" href=\"https:\/\/mendesassessoriaeeventos.com.br\/index.php\/servicos\/\"> <span class=\"screen-reader-text\">Servi\u00e7os<\/span> Leia mais &raquo;<\/a><\/p>\n","protected":false},"author":1,"featured_media":0,"parent":0,"menu_order":0,"comment_status":"closed","ping_status":"closed","template":"","meta":{"site-sidebar-layout":"no-sidebar","site-content-layout":"page-builder","ast-global-header-display":"","ast-main-header-display":"","ast-hfb-above-header-display":"","ast-hfb-below-header-display":"","ast-hfb-mobile-header-display":"","site-post-title":"disabled","ast-breadcrumbs-content":"","ast-featured-img":"disabled","footer-sml-layout":"","theme-transparent-header-meta":"","adv-header-id-meta":"","stick-header-meta":"","header-above-stick-meta":"","header-main-stick-meta":"","header-below-stick-meta":"","_themeisle_gutenberg_block_has_review":false},"yoast_head":"<!-- This site is optimized with the Yoast SEO plugin v20.4 - https:\/\/yoast.com\/wordpress\/plugins\/seo\/ -->\n<title>Servi\u00e7os - mendesassessoriaeeventos.com.br<\/title>\n<meta name=\"robots\" content=\"index, follow, max-snippet:-1, max-image-preview:large, max-video-preview:-1\" \/>\n<link rel=\"canonical\" href=\"https:\/\/mendesassessoriaeeventos.com.br\/index.php\/servicos\/\" \/>\n<meta property=\"og:locale\" content=\"pt_BR\" \/>\n<meta property=\"og:type\" content=\"article\" \/>\n<meta property=\"og:title\" content=\"Servi\u00e7os - mendesassessoriaeeventos.com.br\" \/>\n<meta property=\"og:description\" content=\"Servi\u00e7os \u00a0 Se voc\u00ea est\u00e1 planejando um evento social ou corporativo, voc\u00ea deve contratar a Mendes Assessoria para organizar e coordenar todos os detalhes. Oferecemos uma variedade de servi\u00e7os para ajud\u00e1-lo a tornar seu evento um sucesso. Veja os tipos de assessoria que trabalhamos: Assessoria completa: Este modelo engloba todos os pontos do evento, do &hellip; Servi\u00e7os Leia mais &raquo;\" \/>\n<meta property=\"og:url\" content=\"https:\/\/mendesassessoriaeeventos.com.br\/index.php\/servicos\/\" \/>\n<meta property=\"og:site_name\" content=\"mendesassessoriaeeventos.com.br\" \/>\n<meta property=\"article:modified_time\" content=\"2023-04-11T00:00:36+00:00\" \/>\n<meta name=\"twitter:card\" content=\"summary_large_image\" \/>\n<meta name=\"twitter:label1\" content=\"Est. tempo de leitura\" \/>\n\t<meta name=\"twitter:data1\" content=\"5 minutos\" \/>\n<script type=\"application\/ld+json\" class=\"yoast-schema-graph\">{\"@context\":\"https:\/\/schema.org\",\"@graph\":[{\"@type\":\"WebPage\",\"@id\":\"https:\/\/mendesassessoriaeeventos.com.br\/index.php\/servicos\/\",\"url\":\"https:\/\/mendesassessoriaeeventos.com.br\/index.php\/servicos\/\",\"name\":\"Servi\u00e7os - mendesassessoriaeeventos.com.br\",\"isPartOf\":{\"@id\":\"https:\/\/mendesassessoriaeeventos.com.br\/#website\"},\"datePublished\":\"2023-03-27T20:19:52+00:00\",\"dateModified\":\"2023-04-11T00:00:36+00:00\",\"breadcrumb\":{\"@id\":\"https:\/\/mendesassessoriaeeventos.com.br\/index.php\/servicos\/#breadcrumb\"},\"inLanguage\":\"pt-BR\",\"potentialAction\":[{\"@type\":\"ReadAction\",\"target\":[\"https:\/\/mendesassessoriaeeventos.com.br\/index.php\/servicos\/\"]}]},{\"@type\":\"BreadcrumbList\",\"@id\":\"https:\/\/mendesassessoriaeeventos.com.br\/index.php\/servicos\/#breadcrumb\",\"itemListElement\":[{\"@type\":\"ListItem\",\"position\":1,\"name\":\"In\u00edcio\",\"item\":\"https:\/\/mendesassessoriaeeventos.com.br\/\"},{\"@type\":\"ListItem\",\"position\":2,\"name\":\"Servi\u00e7os\"}]},{\"@type\":\"WebSite\",\"@id\":\"https:\/\/mendesassessoriaeeventos.com.br\/#website\",\"url\":\"https:\/\/mendesassessoriaeeventos.com.br\/\",\"name\":\"mendesassessoriaeeventos.com.br\",\"description\":\"Voc\u00ea sonha e n\u00f3s realizamos\",\"potentialAction\":[{\"@type\":\"SearchAction\",\"target\":{\"@type\":\"EntryPoint\",\"urlTemplate\":\"https:\/\/mendesassessoriaeeventos.com.br\/?s={search_term_string}\"},\"query-input\":\"required name=search_term_string\"}],\"inLanguage\":\"pt-BR\"}]}<\/script>\n<!-- \/ Yoast SEO plugin. -->","yoast_head_json":{"title":"Servi\u00e7os - mendesassessoriaeeventos.com.br","robots":{"index":"index","follow":"follow","max-snippet":"max-snippet:-1","max-image-preview":"max-image-preview:large","max-video-preview":"max-video-preview:-1"},"canonical":"https:\/\/mendesassessoriaeeventos.com.br\/index.php\/servicos\/","og_locale":"pt_BR","og_type":"article","og_title":"Servi\u00e7os - mendesassessoriaeeventos.com.br","og_description":"Servi\u00e7os \u00a0 Se voc\u00ea est\u00e1 planejando um evento social ou corporativo, voc\u00ea deve contratar a Mendes Assessoria para organizar e coordenar todos os detalhes. Oferecemos uma variedade de servi\u00e7os para ajud\u00e1-lo a tornar seu evento um sucesso. Veja os tipos de assessoria que trabalhamos: Assessoria completa: Este modelo engloba todos os pontos do evento, do &hellip; Servi\u00e7os Leia mais &raquo;","og_url":"https:\/\/mendesassessoriaeeventos.com.br\/index.php\/servicos\/","og_site_name":"mendesassessoriaeeventos.com.br","article_modified_time":"2023-04-11T00:00:36+00:00","twitter_card":"summary_large_image","twitter_misc":{"Est. tempo de leitura":"5 minutos"},"schema":{"@context":"https:\/\/schema.org","@graph":[{"@type":"WebPage","@id":"https:\/\/mendesassessoriaeeventos.com.br\/index.php\/servicos\/","url":"https:\/\/mendesassessoriaeeventos.com.br\/index.php\/servicos\/","name":"Servi\u00e7os - mendesassessoriaeeventos.com.br","isPartOf":{"@id":"https:\/\/mendesassessoriaeeventos.com.br\/#website"},"datePublished":"2023-03-27T20:19:52+00:00","dateModified":"2023-04-11T00:00:36+00:00","breadcrumb":{"@id":"https:\/\/mendesassessoriaeeventos.com.br\/index.php\/servicos\/#breadcrumb"},"inLanguage":"pt-BR","potentialAction":[{"@type":"ReadAction","target":["https:\/\/mendesassessoriaeeventos.com.br\/index.php\/servicos\/"]}]},{"@type":"BreadcrumbList","@id":"https:\/\/mendesassessoriaeeventos.com.br\/index.php\/servicos\/#breadcrumb","itemListElement":[{"@type":"ListItem","position":1,"name":"In\u00edcio","item":"https:\/\/mendesassessoriaeeventos.com.br\/"},{"@type":"ListItem","position":2,"name":"Servi\u00e7os"}]},{"@type":"WebSite","@id":"https:\/\/mendesassessoriaeeventos.com.br\/#website","url":"https:\/\/mendesassessoriaeeventos.com.br\/","name":"mendesassessoriaeeventos.com.br","description":"Voc\u00ea sonha e n\u00f3s realizamos","potentialAction":[{"@type":"SearchAction","target":{"@type":"EntryPoint","urlTemplate":"https:\/\/mendesassessoriaeeventos.com.br\/?s={search_term_string}"},"query-input":"required name=search_term_string"}],"inLanguage":"pt-BR"}]}},"_links":{"self":[{"href":"https:\/\/mendesassessoriaeeventos.com.br\/index.php\/wp-json\/wp\/v2\/pages\/421"}],"collection":[{"href":"https:\/\/mendesassessoriaeeventos.com.br\/index.php\/wp-json\/wp\/v2\/pages"}],"about":[{"href":"https:\/\/mendesassessoriaeeventos.com.br\/index.php\/wp-json\/wp\/v2\/types\/page"}],"author":[{"embeddable":true,"href":"https:\/\/mendesassessoriaeeventos.com.br\/index.php\/wp-json\/wp\/v2\/users\/1"}],"replies":[{"embeddable":true,"href":"https:\/\/mendesassessoriaeeventos.com.br\/index.php\/wp-json\/wp\/v2\/comments?post=421"}],"version-history":[{"count":34,"href":"https:\/\/mendesassessoriaeeventos.com.br\/index.php\/wp-json\/wp\/v2\/pages\/421\/revisions"}],"predecessor-version":[{"id":1353,"href":"https:\/\/mendesassessoriaeeventos.com.br\/index.php\/wp-json\/wp\/v2\/pages\/421\/revisions\/1353"}],"wp:attachment":[{"href":"https:\/\/mendesassessoriaeeventos.com.br\/index.php\/wp-json\/wp\/v2\/media?parent=421"}],"curies":[{"name":"wp","href":"https:\/\/api.w.org\/{rel}","templated":true}]}}