{"id":440,"date":"2023-03-27T18:09:40","date_gmt":"2023-03-27T21:09:40","guid":{"rendered":"https:\/\/mendesassessoriaeeventos.com.br\/?page_id=440"},"modified":"2023-04-01T10:39:05","modified_gmt":"2023-04-01T13:39:05","slug":"r-s-v-p","status":"publish","type":"page","link":"https:\/\/mendesassessoriaeeventos.com.br\/index.php\/r-s-v-p\/","title":{"rendered":"R.S.V.P"},"content":{"rendered":"\t\t<div data-elementor-type=\"wp-page\" data-elementor-id=\"440\" class=\"elementor elementor-440\">\n\t\t\t\t\t\t\t\t\t<section class=\"elementor-section elementor-top-section elementor-element elementor-element-792cf5b elementor-section-boxed elementor-section-height-default elementor-section-height-default\" data-id=\"792cf5b\" data-element_type=\"section\">\n\t\t\t\t\t\t<div class=\"elementor-container elementor-column-gap-default\">\n\t\t\t\t\t<div class=\"elementor-column elementor-col-100 elementor-top-column elementor-element elementor-element-02bc0d1\" data-id=\"02bc0d1\" data-element_type=\"column\">\n\t\t\t<div class=\"elementor-widget-wrap elementor-element-populated\">\n\t\t\t\t\t\t\t\t<div class=\"elementor-element elementor-element-b74a09f elementor-widget elementor-widget-text-editor\" data-id=\"b74a09f\" data-element_type=\"widget\" data-widget_type=\"text-editor.default\">\n\t\t\t\t<div class=\"elementor-widget-container\">\n\t\t\t<style>\/*! elementor - v3.11.5 - 14-03-2023 *\/\n.elementor-widget-text-editor.elementor-drop-cap-view-stacked .elementor-drop-cap{background-color:#818a91;color:#fff}.elementor-widget-text-editor.elementor-drop-cap-view-framed .elementor-drop-cap{color:#818a91;border:3px solid;background-color:transparent}.elementor-widget-text-editor:not(.elementor-drop-cap-view-default) .elementor-drop-cap{margin-top:8px}.elementor-widget-text-editor:not(.elementor-drop-cap-view-default) .elementor-drop-cap-letter{width:1em;height:1em}.elementor-widget-text-editor .elementor-drop-cap{float:left;text-align:center;line-height:1;font-size:50px}.elementor-widget-text-editor .elementor-drop-cap-letter{display:inline-block}<\/style>\t\t\t\t<p>Voc\u00ea foi convidado? Ent\u00e3o confirme sua presen\u00e7a!<\/p>\t\t\t\t\t\t<\/div>\n\t\t\t\t<\/div>\n\t\t\t\t<div class=\"elementor-element elementor-element-0b1d416 elementor-widget elementor-widget-wpforms\" data-id=\"0b1d416\" data-element_type=\"widget\" data-widget_type=\"wpforms.default\">\n\t\t\t\t<div class=\"elementor-widget-container\">\n\t\t\t<div class=\"wpforms-container \" id=\"wpforms-1028\"><form id=\"wpforms-form-1028\" class=\"wpforms-validate wpforms-form wpforms-ajax-form\" data-formid=\"1028\" method=\"post\" enctype=\"multipart\/form-data\" action=\"\/index.php\/wp-json\/wp\/v2\/pages\/440\" data-token=\"c4eef65f09195387d02ba0abd73bd06f\" data-token-time=\"1778211367\"><noscript class=\"wpforms-error-noscript\">Ative o JavaScript no seu navegador para preencher este formul\u00e1rio.<\/noscript><div class=\"wpforms-field-container\"><div id=\"wpforms-1028-field_2-container\" class=\"wpforms-field wpforms-field-name\" data-field-id=\"2\"><label class=\"wpforms-field-label\">Nome <span class=\"wpforms-required-label\">*<\/span><\/label><div class=\"wpforms-field-row wpforms-field-medium\"><div class=\"wpforms-field-row-block wpforms-first wpforms-one-half\"><input type=\"text\" id=\"wpforms-1028-field_2\" class=\"wpforms-field-name-first wpforms-field-required\" name=\"wpforms[fields][2][first]\" required><label for=\"wpforms-1028-field_2\" class=\"wpforms-field-sublabel after\">Nome<\/label><\/div><div class=\"wpforms-field-row-block wpforms-one-half\"><input type=\"text\" id=\"wpforms-1028-field_2-last\" class=\"wpforms-field-name-last wpforms-field-required\" name=\"wpforms[fields][2][last]\" required><label for=\"wpforms-1028-field_2-last\" class=\"wpforms-field-sublabel after\">Sobrenome<\/label><\/div><\/div><\/div><div id=\"wpforms-1028-field_3-container\" class=\"wpforms-field wpforms-field-email\" data-field-id=\"3\"><label class=\"wpforms-field-label\" for=\"wpforms-1028-field_3\">E-mail <span class=\"wpforms-required-label\">*<\/span><\/label><input type=\"email\" id=\"wpforms-1028-field_3\" class=\"wpforms-field-medium wpforms-field-required\" name=\"wpforms[fields][3]\" spellcheck=\"false\" required><\/div><div id=\"wpforms-1028-field_4-container\" class=\"wpforms-field wpforms-field-text\" data-field-id=\"4\"><label class=\"wpforms-field-label\" for=\"wpforms-1028-field_4\">Seu telefone <span class=\"wpforms-required-label\">*<\/span><\/label><input type=\"text\" id=\"wpforms-1028-field_4\" class=\"wpforms-field-medium wpforms-field-required\" name=\"wpforms[fields][4]\" required><\/div><div id=\"wpforms-1028-field_5-container\" class=\"wpforms-field wpforms-field-number\" data-field-id=\"5\"><label class=\"wpforms-field-label\" for=\"wpforms-1028-field_5\">Data do evento <span class=\"wpforms-required-label\">*<\/span><\/label><input type=\"number\" id=\"wpforms-1028-field_5\" class=\"wpforms-field-medium wpforms-field-required\" name=\"wpforms[fields][5]\" step=\"any\" required><\/div><div id=\"wpforms-1028-field_6-container\" class=\"wpforms-field wpforms-field-text\" data-field-id=\"6\"><label class=\"wpforms-field-label\" for=\"wpforms-1028-field_6\">Nome do Aniversariante \/ Debutante \/ Casal \/ Empresa <span class=\"wpforms-required-label\">*<\/span><\/label><input type=\"text\" id=\"wpforms-1028-field_6\" class=\"wpforms-field-medium wpforms-field-required\" name=\"wpforms[fields][6]\" required><\/div><div id=\"wpforms-1028-field_7-container\" class=\"wpforms-field wpforms-field-text\" data-field-id=\"7\"><label class=\"wpforms-field-label\" for=\"wpforms-1028-field_7\">Observa\u00e7\u00f5es<\/label><input type=\"text\" id=\"wpforms-1028-field_7\" class=\"wpforms-field-medium\" name=\"wpforms[fields][7]\" ><\/div><div id=\"wpforms-1028-field_8-container\" class=\"wpforms-field wpforms-field-textarea\" data-field-id=\"8\"><label class=\"wpforms-field-label\" for=\"wpforms-1028-field_8\">Confirme sua presen\u00e7a e de outros convidados com nome e sobrenome <span class=\"wpforms-required-label\">*<\/span><\/label><textarea id=\"wpforms-1028-field_8\" class=\"wpforms-field-medium wpforms-field-required\" name=\"wpforms[fields][8]\" required><\/textarea><\/div><\/div><!-- .wpforms-field-container --><div class=\"wpforms-submit-container\" ><input type=\"hidden\" name=\"wpforms[id]\" value=\"1028\"><input type=\"hidden\" name=\"page_title\" value=\"\"><input type=\"hidden\" name=\"page_url\" value=\"https:\/\/mendesassessoriaeeventos.com.br\/index.php\/wp-json\/wp\/v2\/pages\/440\"><input type=\"hidden\" name=\"url_referer\" value=\"\"><button type=\"submit\" name=\"wpforms[submit]\" id=\"wpforms-submit-1028\" class=\"wpforms-submit\" data-alt-text=\"Enviando\u2026\" data-submit-text=\"Enviar\" aria-live=\"assertive\" value=\"wpforms-submit\">Enviar<\/button><img decoding=\"async\" loading=\"lazy\" src=\"https:\/\/mendesassessoriaeeventos.com.br\/wp-content\/plugins\/wpforms-lite\/assets\/images\/submit-spin.svg\" class=\"wpforms-submit-spinner\" style=\"display: none;\" width=\"26\" height=\"26\" alt=\"Carregando\"><\/div><\/form><\/div>  <!-- .wpforms-container -->\t\t<\/div>\n\t\t\t\t<\/div>\n\t\t\t\t\t<\/div>\n\t\t<\/div>\n\t\t\t\t\t\t\t<\/div>\n\t\t<\/section>\n\t\t\t\t\t\t\t<\/div>\n\t\t","protected":false},"excerpt":{"rendered":"<p>Voc\u00ea foi convidado? Ent\u00e3o confirme sua presen\u00e7a!<\/p>\n","protected":false},"author":1,"featured_media":0,"parent":0,"menu_order":0,"comment_status":"closed","ping_status":"closed","template":"","meta":{"site-sidebar-layout":"no-sidebar","site-content-layout":"page-builder","ast-global-header-display":"","ast-main-header-display":"","ast-hfb-above-header-display":"","ast-hfb-below-header-display":"","ast-hfb-mobile-header-display":"","site-post-title":"disabled","ast-breadcrumbs-content":"","ast-featured-img":"disabled","footer-sml-layout":"","theme-transparent-header-meta":"","adv-header-id-meta":"","stick-header-meta":"","header-above-stick-meta":"","header-main-stick-meta":"","header-below-stick-meta":"","_themeisle_gutenberg_block_has_review":false},"yoast_head":"<!-- This site is optimized with the Yoast SEO plugin v20.4 - https:\/\/yoast.com\/wordpress\/plugins\/seo\/ -->\n<title>R.S.V.P - mendesassessoriaeeventos.com.br<\/title>\n<meta name=\"robots\" content=\"index, follow, max-snippet:-1, max-image-preview:large, max-video-preview:-1\" \/>\n<link rel=\"canonical\" href=\"https:\/\/mendesassessoriaeeventos.com.br\/index.php\/r-s-v-p\/\" \/>\n<meta property=\"og:locale\" content=\"pt_BR\" \/>\n<meta property=\"og:type\" content=\"article\" \/>\n<meta property=\"og:title\" content=\"R.S.V.P - mendesassessoriaeeventos.com.br\" \/>\n<meta property=\"og:description\" content=\"Voc\u00ea foi convidado? Ent\u00e3o confirme sua presen\u00e7a!\" \/>\n<meta property=\"og:url\" content=\"https:\/\/mendesassessoriaeeventos.com.br\/index.php\/r-s-v-p\/\" \/>\n<meta property=\"og:site_name\" content=\"mendesassessoriaeeventos.com.br\" \/>\n<meta property=\"article:modified_time\" content=\"2023-04-01T13:39:05+00:00\" \/>\n<meta name=\"twitter:card\" content=\"summary_large_image\" \/>\n<script type=\"application\/ld+json\" class=\"yoast-schema-graph\">{\"@context\":\"https:\/\/schema.org\",\"@graph\":[{\"@type\":\"WebPage\",\"@id\":\"https:\/\/mendesassessoriaeeventos.com.br\/index.php\/r-s-v-p\/\",\"url\":\"https:\/\/mendesassessoriaeeventos.com.br\/index.php\/r-s-v-p\/\",\"name\":\"R.S.V.P - mendesassessoriaeeventos.com.br\",\"isPartOf\":{\"@id\":\"https:\/\/mendesassessoriaeeventos.com.br\/#website\"},\"datePublished\":\"2023-03-27T21:09:40+00:00\",\"dateModified\":\"2023-04-01T13:39:05+00:00\",\"breadcrumb\":{\"@id\":\"https:\/\/mendesassessoriaeeventos.com.br\/index.php\/r-s-v-p\/#breadcrumb\"},\"inLanguage\":\"pt-BR\",\"potentialAction\":[{\"@type\":\"ReadAction\",\"target\":[\"https:\/\/mendesassessoriaeeventos.com.br\/index.php\/r-s-v-p\/\"]}]},{\"@type\":\"BreadcrumbList\",\"@id\":\"https:\/\/mendesassessoriaeeventos.com.br\/index.php\/r-s-v-p\/#breadcrumb\",\"itemListElement\":[{\"@type\":\"ListItem\",\"position\":1,\"name\":\"In\u00edcio\",\"item\":\"https:\/\/mendesassessoriaeeventos.com.br\/\"},{\"@type\":\"ListItem\",\"position\":2,\"name\":\"R.S.V.P\"}]},{\"@type\":\"WebSite\",\"@id\":\"https:\/\/mendesassessoriaeeventos.com.br\/#website\",\"url\":\"https:\/\/mendesassessoriaeeventos.com.br\/\",\"name\":\"mendesassessoriaeeventos.com.br\",\"description\":\"Voc\u00ea sonha e n\u00f3s realizamos\",\"potentialAction\":[{\"@type\":\"SearchAction\",\"target\":{\"@type\":\"EntryPoint\",\"urlTemplate\":\"https:\/\/mendesassessoriaeeventos.com.br\/?s={search_term_string}\"},\"query-input\":\"required name=search_term_string\"}],\"inLanguage\":\"pt-BR\"}]}<\/script>\n<!-- \/ Yoast SEO plugin. -->","yoast_head_json":{"title":"R.S.V.P - mendesassessoriaeeventos.com.br","robots":{"index":"index","follow":"follow","max-snippet":"max-snippet:-1","max-image-preview":"max-image-preview:large","max-video-preview":"max-video-preview:-1"},"canonical":"https:\/\/mendesassessoriaeeventos.com.br\/index.php\/r-s-v-p\/","og_locale":"pt_BR","og_type":"article","og_title":"R.S.V.P - mendesassessoriaeeventos.com.br","og_description":"Voc\u00ea foi convidado? Ent\u00e3o confirme sua presen\u00e7a!","og_url":"https:\/\/mendesassessoriaeeventos.com.br\/index.php\/r-s-v-p\/","og_site_name":"mendesassessoriaeeventos.com.br","article_modified_time":"2023-04-01T13:39:05+00:00","twitter_card":"summary_large_image","schema":{"@context":"https:\/\/schema.org","@graph":[{"@type":"WebPage","@id":"https:\/\/mendesassessoriaeeventos.com.br\/index.php\/r-s-v-p\/","url":"https:\/\/mendesassessoriaeeventos.com.br\/index.php\/r-s-v-p\/","name":"R.S.V.P - mendesassessoriaeeventos.com.br","isPartOf":{"@id":"https:\/\/mendesassessoriaeeventos.com.br\/#website"},"datePublished":"2023-03-27T21:09:40+00:00","dateModified":"2023-04-01T13:39:05+00:00","breadcrumb":{"@id":"https:\/\/mendesassessoriaeeventos.com.br\/index.php\/r-s-v-p\/#breadcrumb"},"inLanguage":"pt-BR","potentialAction":[{"@type":"ReadAction","target":["https:\/\/mendesassessoriaeeventos.com.br\/index.php\/r-s-v-p\/"]}]},{"@type":"BreadcrumbList","@id":"https:\/\/mendesassessoriaeeventos.com.br\/index.php\/r-s-v-p\/#breadcrumb","itemListElement":[{"@type":"ListItem","position":1,"name":"In\u00edcio","item":"https:\/\/mendesassessoriaeeventos.com.br\/"},{"@type":"ListItem","position":2,"name":"R.S.V.P"}]},{"@type":"WebSite","@id":"https:\/\/mendesassessoriaeeventos.com.br\/#website","url":"https:\/\/mendesassessoriaeeventos.com.br\/","name":"mendesassessoriaeeventos.com.br","description":"Voc\u00ea sonha e n\u00f3s realizamos","potentialAction":[{"@type":"SearchAction","target":{"@type":"EntryPoint","urlTemplate":"https:\/\/mendesassessoriaeeventos.com.br\/?s={search_term_string}"},"query-input":"required name=search_term_string"}],"inLanguage":"pt-BR"}]}},"_links":{"self":[{"href":"https:\/\/mendesassessoriaeeventos.com.br\/index.php\/wp-json\/wp\/v2\/pages\/440"}],"collection":[{"href":"https:\/\/mendesassessoriaeeventos.com.br\/index.php\/wp-json\/wp\/v2\/pages"}],"about":[{"href":"https:\/\/mendesassessoriaeeventos.com.br\/index.php\/wp-json\/wp\/v2\/types\/page"}],"author":[{"embeddable":true,"href":"https:\/\/mendesassessoriaeeventos.com.br\/index.php\/wp-json\/wp\/v2\/users\/1"}],"replies":[{"embeddable":true,"href":"https:\/\/mendesassessoriaeeventos.com.br\/index.php\/wp-json\/wp\/v2\/comments?post=440"}],"version-history":[{"count":7,"href":"https:\/\/mendesassessoriaeeventos.com.br\/index.php\/wp-json\/wp\/v2\/pages\/440\/revisions"}],"predecessor-version":[{"id":1044,"href":"https:\/\/mendesassessoriaeeventos.com.br\/index.php\/wp-json\/wp\/v2\/pages\/440\/revisions\/1044"}],"wp:attachment":[{"href":"https:\/\/mendesassessoriaeeventos.com.br\/index.php\/wp-json\/wp\/v2\/media?parent=440"}],"curies":[{"name":"wp","href":"https:\/\/api.w.org\/{rel}","templated":true}]}}